{"id":314,"date":"2024-09-27T11:42:48","date_gmt":"2024-09-27T10:42:48","guid":{"rendered":"https:\/\/euskaljantziak.eus\/inicio\/"},"modified":"2025-07-14T07:32:24","modified_gmt":"2025-07-14T06:32:24","slug":"inicio","status":"publish","type":"page","link":"https:\/\/euskaljantziak.eus\/es\/","title":{"rendered":"Inicio"},"content":{"rendered":"<section class=\"l-section wpb_row us_custom_9af3313c height_medium\"><div class=\"l-section-h i-cf\"><div class=\"g-cols vc_row via_grid cols_1 laptops-cols_inherit tablets-cols_inherit mobiles-cols_1 valign_top type_default stacking_default\"><div class=\"wpb_column vc_column_container\"><div class=\"vc_column-inner\"><div class=\"w-separator size_huge\"><\/div><div class=\"w-separator size_medium\"><\/div><div class=\"wpb_text_column us_custom_bc1f7e9a has_text_color\"><div class=\"wpb_wrapper\"><h1 style=\"text-align: center;\">La tienda de Hondarribia<br \/>\nespecializada en trajes tradicionales vascos<\/h1>\n<\/div><\/div><div class=\"w-separator size_small\"><\/div><div class=\"w-btn-wrapper align_center\"><a class=\"w-btn us-btn-style_1 btn-nagusia\" href=\"\/es\/tienda\"><span class=\"w-btn-label\">Visitar tienda<\/span><\/a><\/div><div class=\"w-separator size_huge\"><\/div><div class=\"w-separator size_huge\"><\/div><\/div><\/div><\/div><\/div><\/section><section class=\"l-section wpb_row height_medium width_full\"><div class=\"l-section-h i-cf\"><div class=\"g-cols vc_row via_grid cols_1 laptops-cols_inherit tablets-cols_inherit mobiles-cols_1 valign_top type_default stacking_default\"><div class=\"wpb_column vc_column_container\"><div class=\"vc_column-inner\"><div class=\"w-separator size_medium\"><\/div><div data-us-scroll=\"{&quot;from_initial_position&quot;:&quot;0&quot;,&quot;start_position&quot;:&quot;0%&quot;,&quot;end_position&quot;:&quot;40%&quot;,&quot;delay&quot;:&quot;0.1s&quot;,&quot;translate_y_direction&quot;:&quot;down&quot;,&quot;translate_y_speed&quot;:&quot;0.5x&quot;}\" class=\"wpb_text_column has_scroll_effects has_translate_y\"><div class=\"wpb_wrapper\"><h1 style=\"text-align: center;\">Sobre nosotros:<\/h1>\n<\/div><\/div><div class=\"w-separator size_small\"><\/div><div class=\"g-cols wpb_row via_grid cols_5 laptops-cols_inherit tablets-cols_inherit mobiles-cols_1 valign_top type_default stacking_default\" style=\"--columns-gap:0rem;\"><div class=\"wpb_column vc_column_container us_custom_33f056b0 has_bg_color\"><div class=\"vc_column-inner\"><div class=\"w-separator size_small\"><\/div><div class=\"wpb_text_column\"><div class=\"wpb_wrapper\"><p style=\"text-align: center;\"><strong>Experiencia<\/strong><\/p>\n<\/div><\/div><div class=\"wpb_text_column\"><div class=\"wpb_wrapper\"><p style=\"text-align: center;\">Llevamos 18 a\u00f1os trabajando los trajes y todos los complementos que les incluyen con f\u00e1bricas especializadas.<\/p>\n<\/div><\/div><div class=\"w-separator size_small\"><\/div><\/div><\/div><div class=\"wpb_column vc_column_container us_custom_3de69d04 has_bg_color\"><div class=\"vc_column-inner\"><div class=\"w-separator size_small\"><\/div><div class=\"wpb_text_column us_custom_8b3d6790 has_text_color\"><div class=\"wpb_wrapper\"><p style=\"text-align: center;\"><strong>Personalizaci\u00f3n<\/strong><\/p>\n<\/div><\/div><div class=\"wpb_text_column us_custom_8b3d6790 has_text_color\"><div class=\"wpb_wrapper\"><p style=\"text-align: center;\">Confeccionamos trajes hechos a medida con telas y modelos que nosotros elegimos.<\/p>\n<\/div><\/div><div class=\"w-separator size_small\"><\/div><\/div><\/div><div class=\"wpb_column vc_column_container us_custom_33f056b0 has_bg_color\"><div class=\"vc_column-inner\"><div class=\"w-separator size_small\"><\/div><div class=\"wpb_text_column\"><div class=\"wpb_wrapper\"><p style=\"text-align: center;\"><strong>Respeto por los procesos tradicionales<\/strong><\/p>\n<\/div><\/div><div class=\"wpb_text_column\"><div class=\"wpb_wrapper\"><p style=\"text-align: center;\">Nos basamos en libros antiguos, donde se ve, como se vest\u00edan nuestros antepasados<\/p>\n<\/div><\/div><div class=\"w-separator size_small\"><\/div><\/div><\/div><div class=\"wpb_column vc_column_container us_custom_3de69d04 has_bg_color\"><div class=\"vc_column-inner\"><div class=\"w-separator size_small\"><\/div><div class=\"wpb_text_column us_custom_8b3d6790 has_text_color\"><div class=\"wpb_wrapper\"><p style=\"text-align: center;\"><strong>Tradici\u00f3n Euskaldun<\/strong><\/p>\n<\/div><\/div><div class=\"wpb_text_column us_custom_8b3d6790 has_text_color\"><div class=\"wpb_wrapper\"><p style=\"text-align: center;\">Tienda especializada en trajes tradicionales vascos (baserritar jantziak).<\/p>\n<\/div><\/div><div class=\"w-separator size_small\"><\/div><\/div><\/div><div class=\"wpb_column vc_column_container us_custom_33f056b0 has_bg_color\"><div class=\"vc_column-inner\"><div class=\"w-separator size_small\"><\/div><div class=\"wpb_text_column\"><div class=\"wpb_wrapper\"><p style=\"text-align: center;\"><strong>Dise\u00f1o y calidad<\/strong><\/p>\n<\/div><\/div><div class=\"w-separator size_small\"><\/div><div class=\"wpb_text_column\"><div class=\"wpb_wrapper\"><p style=\"text-align: center;\">En cuanto a modelos, calidades y precios del mercado, encontrar\u00e1s todo lo que necesites.<\/p>\n<\/div><\/div><\/div><\/div><\/div><div class=\"w-separator size_medium\"><\/div><\/div><\/div><\/div><\/div><\/section><section class=\"l-section wpb_row us_custom_5873901f height_auto width_full\"><div class=\"l-section-h i-cf\"><div class=\"g-cols vc_row via_grid cols_1 laptops-cols_inherit tablets-cols_inherit mobiles-cols_1 valign_top type_default stacking_default\"><div class=\"wpb_column vc_column_container us_custom_edb423b1\"><div class=\"vc_column-inner\"><div class=\"g-cols wpb_row us_custom_c5693e53 via_grid cols_1-2 laptops-cols_inherit tablets-cols_inherit mobiles-cols_1 valign_top type_default stacking_default\" style=\"--columns-gap:3rem;\"><div class=\"wpb_column vc_column_container\"><div class=\"vc_column-inner\"><div class=\"w-separator size_small\"><\/div><div class=\"w-separator size_small\"><\/div><div class=\"wpb_text_column\"><div class=\"wpb_wrapper\"><h1>Nuestros<br \/>\nproductos:<\/h1>\n<\/div><\/div><\/div><\/div><div class=\"wpb_column vc_column_container\"><div class=\"vc_column-inner\"><div class=\"w-hwrapper valign_top wrap align_justify\" style=\"--hwrapper-gap:0rem\"><div class=\"w-vwrapper align_none valign_top us_custom_013bf99c\" style=\"--vwrapper-gap:0rem\"><div class=\"w-image us_custom_0ccc3812 has_height has_ratio align_none\"><div class=\"w-image-h\"><div style=\"padding-bottom:75%\"><\/div><img decoding=\"async\" width=\"463\" height=\"255\" src=\"https:\/\/euskaljantziak.eus\/wp-content\/uploads\/2024\/09\/abarka2.png\" class=\"attachment-large size-large\" alt=\"\" loading=\"lazy\" \/><\/div><\/div><div class=\"w-text us_custom_7a84519f has_text_color\"><span class=\"w-text-h\"><span class=\"w-text-value\">Acarcas<\/span><\/span><\/div><div class=\"w-btn-wrapper align_none hide_on_default hide_on_laptops hide_on_tablets hide_on_mobiles\"><a class=\"w-btn us-btn-style_2 us_custom_bc0325df\" href=\"http:\/\/euskaljantziak.eus\/product-category\/abarakak\/\"><span class=\"w-btn-label\">Clic aqu\u00ed<\/span><\/a><\/div><\/div><div class=\"w-vwrapper align_none valign_top us_custom_013bf99c\" style=\"--vwrapper-gap:0rem\"><div class=\"w-image us_custom_84af7e24 has_height has_ratio align_none\"><div class=\"w-image-h\"><div style=\"padding-bottom:75%\"><\/div><img decoding=\"async\" width=\"464\" height=\"263\" src=\"https:\/\/euskaljantziak.eus\/wp-content\/uploads\/2024\/09\/mutilak.png\" class=\"attachment-large size-large\" alt=\"\" loading=\"lazy\" \/><\/div><\/div><div class=\"w-text us_custom_7a84519f has_text_color\"><span class=\"w-text-h\"><span class=\"w-text-value\">Ni\u00f1os<\/span><\/span><\/div><div class=\"w-btn-wrapper align_none hide_on_default hide_on_laptops hide_on_tablets hide_on_mobiles\"><a class=\"w-btn us-btn-style_2 us_custom_bc0325df\" href=\"http:\/\/euskaljantziak.eus\/product-category\/mutilak\/\"><span class=\"w-btn-label\">Clic aqu\u00ed<\/span><\/a><\/div><\/div><div class=\"w-vwrapper align_none valign_top us_custom_013bf99c\" style=\"--vwrapper-gap:0rem\"><div class=\"w-image us_custom_84af7e24 has_height has_ratio align_none\"><div class=\"w-image-h\"><div style=\"padding-bottom:75%\"><\/div><img decoding=\"async\" width=\"466\" height=\"255\" src=\"https:\/\/euskaljantziak.eus\/wp-content\/uploads\/2024\/09\/gifanimatua.png\" class=\"attachment-large size-large\" alt=\"\" loading=\"lazy\" \/><\/div><\/div><div class=\"w-text us_custom_7a84519f has_text_color\"><span class=\"w-text-h\"><span class=\"w-text-value\">Mujeres<\/span><\/span><\/div><div class=\"w-btn-wrapper align_none hide_on_default hide_on_laptops hide_on_tablets hide_on_mobiles\"><a class=\"w-btn us-btn-style_2 us_custom_bc0325df\" href=\"http:\/\/euskaljantziak.eus\/product-category\/mutilak\/\"><span class=\"w-btn-label\">Clic aqu\u00ed<\/span><\/a><\/div><\/div><div class=\"w-vwrapper align_none valign_top us_custom_013bf99c\" style=\"--vwrapper-gap:0rem\"><div class=\"w-image us_custom_84af7e24 has_height has_ratio align_none\"><div class=\"w-image-h\"><div style=\"padding-bottom:75%\"><\/div><img decoding=\"async\" width=\"461\" height=\"263\" src=\"https:\/\/euskaljantziak.eus\/wp-content\/uploads\/2024\/09\/Grupo-109.png\" class=\"attachment-large size-large\" alt=\"\" loading=\"lazy\" \/><\/div><\/div><div class=\"w-text us_custom_7a84519f has_text_color\"><span class=\"w-text-h\"><span class=\"w-text-value\">Mendigoizales<\/span><\/span><\/div><div class=\"w-btn-wrapper align_none hide_on_default hide_on_laptops hide_on_tablets hide_on_mobiles\"><a class=\"w-btn us-btn-style_2 us_custom_bc0325df\" href=\"http:\/\/euskaljantziak.eus\/product-category\/kaikuak\/\"><span class=\"w-btn-label\">Clic aqu\u00ed<\/span><\/a><\/div><\/div><div class=\"w-vwrapper align_none valign_top us_custom_013bf99c\" style=\"--vwrapper-gap:0rem\"><div class=\"w-image us_custom_0ccc3812 has_height has_ratio align_none\"><div class=\"w-image-h\"><div style=\"padding-bottom:75%\"><\/div><img decoding=\"async\" width=\"461\" height=\"255\" src=\"https:\/\/euskaljantziak.eus\/wp-content\/uploads\/2024\/09\/213cca.png\" class=\"attachment-large size-large\" alt=\"\" loading=\"lazy\" \/><\/div><\/div><div class=\"w-text us_custom_7a84519f has_text_color\"><span class=\"w-text-h\"><span class=\"w-text-value\">Calcetines<\/span><\/span><\/div><div class=\"w-btn-wrapper align_none hide_on_default hide_on_laptops hide_on_tablets hide_on_mobiles\"><a class=\"w-btn us-btn-style_2 us_custom_bc0325df\" href=\"http:\/\/euskaljantziak.eus\/product-category\/galtzerdiak\/\"><span class=\"w-btn-label\">Clic aqu\u00ed<\/span><\/a><\/div><\/div><div class=\"w-vwrapper align_none valign_top us_custom_013bf99c\" style=\"--vwrapper-gap:0rem\"><div class=\"w-image has_ratio align_none\"><div class=\"w-image-h\"><div style=\"padding-bottom:75%\"><\/div><img decoding=\"async\" width=\"460\" height=\"263\" src=\"https:\/\/euskaljantziak.eus\/wp-content\/uploads\/2024\/09\/Grupo-110.png\" class=\"attachment-large size-large\" alt=\"\" loading=\"lazy\" \/><\/div><\/div><div class=\"w-text us_custom_7a84519f has_text_color\"><span class=\"w-text-h\"><span class=\"w-text-value\">Ni\u00f1as<\/span><\/span><\/div><div class=\"w-btn-wrapper align_none hide_on_default hide_on_laptops hide_on_tablets hide_on_mobiles\"><a class=\"w-btn us-btn-style_2 us_custom_bc0325df\" href=\"http:\/\/euskaljantziak.eus\/product-category\/neskak\/\"><span class=\"w-btn-label\">Clic aqu\u00ed<\/span><\/a><\/div><\/div><div class=\"w-vwrapper align_none valign_top us_custom_013bf99c\" style=\"--vwrapper-gap:0rem\"><div class=\"w-image us_custom_84af7e24 has_height has_ratio align_none\"><div class=\"w-image-h\"><div style=\"padding-bottom:75%\"><\/div><img decoding=\"async\" width=\"463\" height=\"255\" src=\"https:\/\/euskaljantziak.eus\/wp-content\/uploads\/2024\/09\/gizonak.png\" class=\"attachment-large size-large\" alt=\"\" loading=\"lazy\" \/><\/div><\/div><div class=\"w-text us_custom_7a84519f has_text_color\"><span class=\"w-text-h\"><span class=\"w-text-value\">Hombres<\/span><\/span><\/div><div class=\"w-btn-wrapper align_none hide_on_default hide_on_laptops hide_on_tablets hide_on_mobiles\"><a class=\"w-btn us-btn-style_2 us_custom_bc0325df\" href=\"http:\/\/euskaljantziak.eus\/product-category\/neskak\/\"><span class=\"w-btn-label\">Clic aqu\u00ed<\/span><\/a><\/div><\/div><div class=\"w-vwrapper align_none valign_top us_custom_013bf99c\" style=\"--vwrapper-gap:0rem\"><div class=\"w-image us_custom_84af7e24 has_height has_ratio align_none\"><div class=\"w-image-h\"><div style=\"padding-bottom:75%\"><\/div><img decoding=\"async\" width=\"467\" height=\"263\" src=\"https:\/\/euskaljantziak.eus\/wp-content\/uploads\/2024\/09\/Grupo-108.png\" class=\"attachment-large size-large\" alt=\"\" loading=\"lazy\" \/><\/div><\/div><div class=\"w-text us_custom_7a84519f has_text_color\"><span class=\"w-text-h\"><span class=\"w-text-value\">Trajes de I\u00f1ude<\/span><\/span><\/div><div class=\"w-btn-wrapper align_none hide_on_default hide_on_laptops hide_on_tablets hide_on_mobiles\"><a class=\"w-btn us-btn-style_2 us_custom_bc0325df\" href=\"http:\/\/euskaljantziak.eus\/product-category\/neskak\/\"><span class=\"w-btn-label\">Clic aqu\u00ed<\/span><\/a><\/div><\/div><\/div><\/div><\/div><\/div><\/div><\/div><\/div><\/div><\/section>\n","protected":false},"excerpt":{"rendered":"La tienda de Hondarribia especializada en trajes tradicionales vascos Visitar tiendaSobre nosotros: Experiencia Llevamos 18 a\u00f1os trabajando los trajes y todos los complementos que les incluyen con f\u00e1bricas especializadas. Personalizaci\u00f3n Confeccionamos trajes hechos a medida con telas y modelos que nosotros elegimos. Respeto por los procesos tradicionales Nos basamos en libros antiguos, donde se ve,...","protected":false},"author":1,"featured_media":0,"parent":0,"menu_order":0,"comment_status":"closed","ping_status":"closed","template":"","meta":{"_acf_changed":false,"footnotes":""},"class_list":["post-314","page","type-page","status-publish","hentry"],"acf":[],"_links":{"self":[{"href":"https:\/\/euskaljantziak.eus\/es\/wp-json\/wp\/v2\/pages\/314","targetHints":{"allow":["GET"]}}],"collection":[{"href":"https:\/\/euskaljantziak.eus\/es\/wp-json\/wp\/v2\/pages"}],"about":[{"href":"https:\/\/euskaljantziak.eus\/es\/wp-json\/wp\/v2\/types\/page"}],"author":[{"embeddable":true,"href":"https:\/\/euskaljantziak.eus\/es\/wp-json\/wp\/v2\/users\/1"}],"replies":[{"embeddable":true,"href":"https:\/\/euskaljantziak.eus\/es\/wp-json\/wp\/v2\/comments?post=314"}],"version-history":[{"count":9,"href":"https:\/\/euskaljantziak.eus\/es\/wp-json\/wp\/v2\/pages\/314\/revisions"}],"predecessor-version":[{"id":5631,"href":"https:\/\/euskaljantziak.eus\/es\/wp-json\/wp\/v2\/pages\/314\/revisions\/5631"}],"wp:attachment":[{"href":"https:\/\/euskaljantziak.eus\/es\/wp-json\/wp\/v2\/media?parent=314"}],"curies":[{"name":"wp","href":"https:\/\/api.w.org\/{rel}","templated":true}]}}