{"id":394,"date":"2024-10-29T13:38:15","date_gmt":"2024-10-29T12:38:15","guid":{"rendered":"https:\/\/euskaljantziak.eus\/aviso-legal\/"},"modified":"2024-10-29T13:38:15","modified_gmt":"2024-10-29T12:38:15","slug":"aviso-legal","status":"publish","type":"page","link":"https:\/\/euskaljantziak.eus\/es\/aviso-legal\/","title":{"rendered":"Aviso Legal"},"content":{"rendered":"<h1>INFORMACI\u00d3N LEGAL<\/h1>\n<p>&nbsp;<\/p>\n<p>En cumplimiento de la Ley 34\/2002, de 11 de julio, de Servicios de la Sociedad de la Informaci\u00f3n y de Comercio Electr\u00f3nico, le informamos<span> <\/span><a href=\"http:\/\/www.euskaldunak.eus\/\"><u>www<\/u><\/a><span> <\/span>que el titular del sitio web es:<\/p>\n<p class=\"western\" lang=\"eu-ES\">Tirikitrauki, Euskal Jantziak<\/p>\n<p class=\"western\" lang=\"eu-ES\">\n<p class=\"western\" lang=\"eu-ES\"><span>Zuloaga, 16, 1B.<\/span><br \/>\n<span>20280 Hondarribia, Gipuzkoa<\/span><br \/>\n<strong>Tlf:<\/strong><span> 943 644 270<\/span><\/p>\n<p class=\"western\" lang=\"eu-ES\">\nEmail:<span> <\/span><span><u><a href=\"mailto:denda@euskaljantziak.com\" target=\"_top\" rel=\"noopener\">denda@euskaljantziak.com<\/a><\/u><\/span><\/p>\n<p>&nbsp;<\/p>\n<ol>\n<li>Responsabilidades y garant\u00edas<\/li>\n<\/ol>\n<p><a href=\"https:\/\/www.euskaljantziak.eus\/\">www.euskaljantziak.eus<\/a><span> <\/span>El usuario puede acceder al sitio web de forma voluntaria. Navegar por este sitio web supone que el usuario conoce y acepta sus avisos legales, condiciones de uso y su pol\u00edtica de privacidad. <\/p>\n<p>&nbsp;<\/p>\n<p>Cualquier uso de la informaci\u00f3n de este sitio web ser\u00e1 responsabilidad exclusiva del usuario. As\u00ed, el usuario deber\u00e1 comprometerse a utilizar la informaci\u00f3n de conformidad con la finalidad del sitio web. Por tanto, el usuario no podr\u00e1 hacer un uso il\u00edcito de la informaci\u00f3n del sitio web. <\/p>\n<p>&nbsp;<\/p>\n<p>Los usuarios tienen prohibido publicar o informar contenido falso o incorrecto. Por tanto, el usuario ser\u00e1 el \u00fanico responsable de cualquier da\u00f1o que causen los datos que facilite. <\/p>\n<p>&nbsp;<\/p>\n<p>Los datos personales de terceros no se pueden utilizar sin su consentimiento. Tambi\u00e9n est\u00e1 prohibido utilizar datos de identificaci\u00f3n de terceros con la intenci\u00f3n de hacerse pasar por otra persona o entidad. Tirikitrauki hace todos los esfuerzos posibles para que no existan errores en los contenidos publicados en el sitio web. Por tanto, se reserva el derecho a modificarlas en cualquier momento. Tirikitrauki rechaza espec\u00edficamente la responsabilidad por errores u omisiones en el contenido de este sitio web, as\u00ed como por los da\u00f1os y perjuicios que se deriven de su falta de veracidad, exactitud y actualidad. Este sitio web puede contener enlaces a otros sitios web. Tirikitrauki no asume ninguna responsabilidad por el contenido de ninguno de estos sitios enlazados. La finalidad de estos servicios es, de hecho, informar a los usuarios de otras fuentes de informaci\u00f3n; por tanto, el usuario acceder\u00e1 a estos contenidos \u00fanicamente bajo su propia responsabilidad, seg\u00fan las condiciones all\u00ed reguladas. Tirikitaruiki no ser\u00e1 responsable de ninguna consecuencia o da\u00f1o derivado del uso de este sitio web o de sus contenidos, teniendo en cuenta los da\u00f1os inform\u00e1ticos y la introducci\u00f3n de virus. Tirikitrauki se reserva el derecho de cambiar o eliminar el dise\u00f1o, configuraci\u00f3n e informaci\u00f3n de este sitio web en cualquier momento, sin previo aviso ni explicaci\u00f3n, si lo considera necesario. Tirikitrauki no ser\u00e1 responsable de los da\u00f1os que puedan derivarse de estos cambios. No obstante, utilizar\u00e1 todos los medios disponibles para notificar a los usuarios estos cambios. <\/p>\n<p>&nbsp;<\/p>\n<ol start=\"2\">\n<li>Propiedad intelectual e industrial<\/li>\n<\/ol>\n<p>Los contenidos de este sitio web (excepto los datos personales) est\u00e1n bajo licencia Creative Commons Attribution \u2013 Share Alike (CC-BY-SA) 4.0. Esta licencia otorga al usuario los siguientes derechos:<\/p>\n<ul>\n<li>Compartir: Puedes copiar y redistribuir contenido en cualquier medio y formato.<\/li>\n<li>Adaptar: Puedes reutilizar contenidos y crear trabajos derivados, incluso con fines comerciales.<\/li>\n<\/ul>\n<p>Siempre y cuando se cumplan las siguientes condiciones:<\/p>\n<ul>\n<li>Reconocimiento: se debe reconocer la autor\u00eda del sitio web, agregar un enlace a la licencia y se debe anotar cualquier cambio realizado, pero no de una manera que sugiera que este sitio web respalda el uso de quien lo hace.<\/li>\n<li>Compartir igual: si se crea una obra derivada, debe distribuirse utilizando la misma licencia.<\/li>\n<li>Sin restricciones adicionales: Lo que permite la licencia no puede estar limitado por medidas legales o tecnol\u00f3gicas.<\/li>\n<\/ul>\n<p>&nbsp;<\/p>\n<p>Si al utilizar los contenidos del sitio web no se cumplen las condiciones establecidas por la licencia, se podr\u00e1n emprender las acciones legales correspondientes, debiendo en su caso cumplir con las responsabilidades que se deriven de este ejercicio.<\/p>\n<ol start=\"3\">\n<li><strong>Cambios<\/strong><\/li>\n<\/ol>\n<p>Todas estas condiciones podr\u00e1n ser modificadas, si Tirikitaruiki lo considera oportuno en cualquier momento; tanto para adaptarse a los cambios legales como para realizar otras mejoras. Estos cambios ser\u00e1n efectivos desde el momento en que sean publicados en este sitio web. <\/p>\n<ol start=\"4\">\n<li><strong>Jurisdicci\u00f3n<\/strong><\/li>\n<\/ol>\n<p>La relaci\u00f3n creada entre Tirikitaruiki y el usuario se regir\u00e1, efectivamente, por lo dispuesto en la normativa vigente respecto de la legislaci\u00f3n aplicable y la jurisdicci\u00f3n que corresponda. En cualquier caso, si la normativa prev\u00e9 que las partes deban someterse a un fuero, Tirikitrauki y el usuario, con renuncia expresa a cualquier otro fuero que corresponda, se someter\u00e1n a los Juzgados y Tribunales de Donostia. <\/p>\n","protected":false},"excerpt":{"rendered":"<p>INFORMACI\u00d3N LEGAL &nbsp; En cumplimiento de la Ley 34\/2002, de 11 de julio, de Servicios de la Sociedad de la Informaci\u00f3n y de Comercio Electr\u00f3nico, le informamos www que el titular del sitio web es: Tirikitrauki, Euskal Jantziak Zuloaga, 16, 1B. 20280 Hondarribia, Gipuzkoa Tlf: 943 644 270 Email: denda@euskaljantziak.com &nbsp; Responsabilidades y garant\u00edas www.euskaljantziak.eus&#8230;<\/p>\n","protected":false},"author":1,"featured_media":0,"parent":0,"menu_order":0,"comment_status":"closed","ping_status":"closed","template":"","meta":{"_acf_changed":false,"footnotes":""},"class_list":["post-394","page","type-page","status-publish","hentry"],"acf":[],"_links":{"self":[{"href":"https:\/\/euskaljantziak.eus\/es\/wp-json\/wp\/v2\/pages\/394","targetHints":{"allow":["GET"]}}],"collection":[{"href":"https:\/\/euskaljantziak.eus\/es\/wp-json\/wp\/v2\/pages"}],"about":[{"href":"https:\/\/euskaljantziak.eus\/es\/wp-json\/wp\/v2\/types\/page"}],"author":[{"embeddable":true,"href":"https:\/\/euskaljantziak.eus\/es\/wp-json\/wp\/v2\/users\/1"}],"replies":[{"embeddable":true,"href":"https:\/\/euskaljantziak.eus\/es\/wp-json\/wp\/v2\/comments?post=394"}],"version-history":[{"count":0,"href":"https:\/\/euskaljantziak.eus\/es\/wp-json\/wp\/v2\/pages\/394\/revisions"}],"wp:attachment":[{"href":"https:\/\/euskaljantziak.eus\/es\/wp-json\/wp\/v2\/media?parent=394"}],"curies":[{"name":"wp","href":"https:\/\/api.w.org\/{rel}","templated":true}]}}