{"id":395,"date":"2024-10-29T13:31:43","date_gmt":"2024-10-29T12:31:43","guid":{"rendered":"https:\/\/euskaljantziak.eus\/politica-de-cookies\/"},"modified":"2024-10-29T14:54:00","modified_gmt":"2024-10-29T13:54:00","slug":"politica-de-cookies","status":"publish","type":"page","link":"https:\/\/euskaljantziak.eus\/es\/politica-de-cookies\/","title":{"rendered":"Pol\u00edtica de Cookies"},"content":{"rendered":"<section class=\"l-section wpb_row height_medium\"><div class=\"l-section-h i-cf\"><div class=\"g-cols vc_row via_grid cols_1 laptops-cols_inherit tablets-cols_inherit mobiles-cols_1 valign_top type_default stacking_default\"><div class=\"wpb_column vc_column_container\"><div class=\"vc_column-inner\"><h2 class=\"w-post-elm post_title entry-title color_link_inherit\">Pol\u00edtica de Cookies<\/h2><div class=\"wpb_text_column\"><div class=\"wpb_wrapper\"><p>De acuerdo con la Ley 34\/2002, de 11 de julio, de Comercio Electr\u00f3nico y Servicios de la Sociedad de la Informaci\u00f3n, le informamos que este sitio web utiliza cookies.<\/p>\n<p>&nbsp;<\/p>\n<p><strong>\u00bfQu\u00e9 son las cookies?<\/strong><\/p>\n<p>Las cookies son ficheros que se almacenan en nuestro dispositivo (ordenador, smartphone, televisi\u00f3n, tablet\u2026) cuando visitamos determinadas p\u00e1ginas web. Su trabajo es permitir que los sitios web almacenen informaci\u00f3n de los visitantes, como h\u00e1bitos de navegaci\u00f3n, otras configuraciones y, en algunos casos, su identidad. El navegador del visitante almacena cookies en el disco duro \u00fanicamente durante la duraci\u00f3n de la sesi\u00f3n. Ocupan muy poco espacio y no da\u00f1an el ordenador del visitante. Las cookies no almacenan ning\u00fan dato personal concreto y la mayor\u00eda de ellas se borran del disco duro al cerrar la sesi\u00f3n del navegador. La mayor\u00eda de navegadores aceptan cookies por defecto, y a trav\u00e9s de sus configuraciones de seguridad aceptan o rechazan las cookies temporales y almacenadas.<\/p>\n<p>&nbsp;<\/p>\n<p><strong>Tipos de Cookie<\/strong><\/p>\n<p>Seg\u00fan la entidad que gestiona las cookies:<\/p>\n<ul>\n<li>CCookies propias: se env\u00edan al equipo terminal del usuario, desde un equipo gestionado por el propio editor y utilizado para prestar el servicio solicitado por el usuario.<\/li>\n<li>Cookies de terceros: estas cookies se env\u00edan al equipo terminal del usuario desde un equipo gestionado por alguien distinto del editor. El operador del equipo tambi\u00e9n es responsable del tratamiento de los datos obtenidos a trav\u00e9s de las cookies.<\/li>\n<\/ul>\n<p>Dependiendo del tiempo dedicado a:<\/p>\n<ul>\n<li>Cookies de sesi\u00f3n: este tipo de cookies est\u00e1n dise\u00f1adas para recibir y almacenar datos cuando el usuario accede a una p\u00e1gina web.<\/li>\n<li>Cookies persistentes: los datos recibidos por estas cookies se almacenan en el terminal durante un per\u00edodo de tiempo determinado, tiempo durante el cual el responsable de la cookie puede acceder a ellos y tratarlos.<\/li>\n<\/ul>\n<p>Por finalidad:<\/p>\n<ul>\n<li>Cookies t\u00e9cnicas: estas cookies permiten al usuario navegar a trav\u00e9s de la p\u00e1gina web, plataforma o aplicaci\u00f3n y utilizar las opciones y servicios que ofrece la p\u00e1gina web. Por ejemplo, controlar el tr\u00e1fico y la comunicaci\u00f3n de datos, identificar la sesi\u00f3n, acceder a zonas de acceso limitado, recordar los elementos de un pedido, solicitar registrarse o participar en un evento, utilizar elementos de seguridad durante la navegaci\u00f3n, almacenar contenidos para la difusi\u00f3n de v\u00eddeos o sonidos. o compartir contenidos a trav\u00e9s de redes sociales<\/li>\n<li>Cookies de personalizaci\u00f3n: estas cookies permiten al usuario acceder al servicio con diversas funciones predefinidas en su equipo terminal o con funciones definidas por el propio usuario. Por ejemplo, el idioma, el tipo de navegador a trav\u00e9s del cual accede al servicio, el dise\u00f1o de contenidos seleccionados, la geolocalizaci\u00f3n del terminal y la configuraci\u00f3n regional para acceder al servicio, etc.<\/li>\n<li>Cookies anal\u00edticas: estas cookies permiten el seguimiento y an\u00e1lisis del comportamiento de los usuarios en los sitios web. La informaci\u00f3n recogida con este tipo de cookies se utiliza en la medici\u00f3n de la actividad de los sitios web, de la aplicaci\u00f3n o de la plataforma, as\u00ed como para la elaboraci\u00f3n de perfiles de navegaci\u00f3n de los usuarios de dichos sitios web, con el fin de mejorar el servicio viendo c\u00f3mo los usuarios utilizar el servicio.<\/li>\n<li>Cookies publicitarias: estas cookies permiten gestionar eficazmente los sitios publicitarios integrados en el sitio web o en la aplicaci\u00f3n del servicio, en funci\u00f3n de diversos criterios, como el contenido editado o la frecuencia de visualizaci\u00f3n de anuncios.<\/li>\n<li>Cookies de publicidad comportamental: permiten la gesti\u00f3n eficaz de los sitios publicitarios integrados en el sitio web o aplicaci\u00f3n para la prestaci\u00f3n del servicio. Estas cookies, mediante la observaci\u00f3n, almacenan informaci\u00f3n sobre el comportamiento del usuario, con el fin de desarrollar un perfil espec\u00edfico del usuario y mostrar un tipo de publicidad acorde a ese perfil.<\/li>\n<\/ul>\n<p><strong>\u00bfQu\u00e9 cookies almacena este sitio web?<\/strong><\/p>\n<p>De acuerdo con las principales directrices de la Agencia Espa\u00f1ola de Protecci\u00f3n de Datos, a continuaci\u00f3n enumeramos las cookies utilizadas por este sitio:<\/p>\n<p>&nbsp;<\/p>\n<ul>\n<li>Cookies anal\u00edticas: estas cookies permiten el seguimiento y an\u00e1lisis del comportamiento de los usuarios en los sitios web. La informaci\u00f3n recogida con este tipo de cookies se utiliza en la medici\u00f3n de la actividad de los sitios web, de la aplicaci\u00f3n o de la plataforma, as\u00ed como para la elaboraci\u00f3n de perfiles de navegaci\u00f3n de los usuarios de dichos sitios web, con el fin de mejorar el servicio viendo c\u00f3mo los usuarios utilizar el servicio.<\/li>\n<li>Cookies de terceros: estas cookies se env\u00edan al equipo terminal del usuario desde un equipo gestionado por alguien distinto del editor. El operador del equipo tambi\u00e9n es responsable del tratamiento de los datos obtenidos a trav\u00e9s de las cookies. Un ejemplo de ello son las cookies que se instalan para el servicio Google Analytics. En nuestro caso utilizamos cookies de los servicios de Google Analytics, Twitter y Facebook. No podemos controlar la configuraci\u00f3n de cookies de terceros; por ello, le recomendamos consultar los sitios web de estos terceros para obtener m\u00e1s informaci\u00f3n sobre sus cookies y c\u00f3mo gestionarlas.<\/li>\n<\/ul>\n<p>&nbsp;<\/p>\n<p>Lista de cookies utilizadas:<\/p>\n<table>\n<tbody>\n<tr>\n<td width=\"214\">Cookie<\/td>\n<td width=\"214\">Tipo<\/td>\n<td width=\"214\">Finalidad<\/td>\n<\/tr>\n<tr>\n<td width=\"214\">_utmc<\/td>\n<td width=\"214\">Google Analytics<\/td>\n<td width=\"214\">Medir estad\u00edsitcamente el uso de la web<\/td>\n<\/tr>\n<tr>\n<td width=\"214\">_utma<\/td>\n<td width=\"214\">Google Analytics<\/td>\n<td width=\"214\">Medir estad\u00edsitcamente el uso de la web<\/td>\n<\/tr>\n<tr>\n<td width=\"214\">_utmb<\/td>\n<td width=\"214\">Google Analytics<\/td>\n<td width=\"214\">Medir estad\u00edsitcamente el uso de la web<\/td>\n<\/tr>\n<tr>\n<td width=\"214\">_utmz<\/td>\n<td width=\"214\">Google Analytics<\/td>\n<td width=\"214\">Medir estad\u00edsitcamente el uso de la web<\/td>\n<\/tr>\n<\/tbody>\n<\/table>\n<p>&nbsp;<\/p>\n<p>&nbsp;<\/p>\n<p><strong>Configuraci\u00f3n y desactivaci\u00f3n de cookies<\/strong><\/p>\n<p>Le informamos que el navegador puede configurarse para rechazar o aceptar cookies, o para eliminar estas cookies tras cerrar el navegador, equipo o dispositivo. En los principales navegadores las cookies se configuran de la siguiente manera:<\/p>\n<ul>\n<li>Google Chrome&gt;Konfigurazioa&gt;Erakutsi aukera aurreratuak&gt;Pribatutasuna&gt;Edukiaren konfigurazioa&gt;Cookieak.<\/li>\n<li>Firefox&gt;Herramientas&gt;Opciones&gt;Privacidad&gt;Historia&gt;Configuraci\u00f3n personalizada.<\/li>\n<li>Internet Explorer&gt;Herramientas&gt;Opciones de internet&gt;Privacidad&gt;Avanzado.<\/li>\n<li>Safari&gt;Lehentasunak&gt;Pribatutasuna.<\/li>\n<\/ul>\n<p>Adem\u00e1s, se debe tener en cuenta que si se comparte el contenido del portal web con amigos a trav\u00e9s de redes sociales (Facebook y Twitter), es posible recibir cookies de estos sitios web. No podemos controlar la configuraci\u00f3n de cookies de terceros; por ello, le recomendamos consultar los sitios web de estos terceros para obtener m\u00e1s informaci\u00f3n sobre sus cookies y c\u00f3mo gestionarlas.<\/p>\n<p><strong>Actualizaci\u00f3n y cambios en la pol\u00edtica de cookies\/privacidad<\/strong><\/p>\n<p>La pol\u00edtica de cookies de este sitio web puede modificarse, respetando las obligaciones legales y reglamentarias y siguiendo los mandatos de la Oficina Espa\u00f1ola de Protecci\u00f3n de Datos. Por ello, le recomendamos que lea la pol\u00edtica de vez en cuando. Cuando se produzcan cambios significativos, los usuarios ser\u00e1n notificados a trav\u00e9s del sitio web.<\/p>\n<\/div><\/div><\/div><\/div><\/div><\/div><\/section>\n","protected":false},"excerpt":{"rendered":"Pol\u00edtica de CookiesDe acuerdo con la Ley 34\/2002, de 11 de julio, de Comercio Electr\u00f3nico y Servicios de la Sociedad de la Informaci\u00f3n, le informamos que este sitio web utiliza cookies. &nbsp; \u00bfQu\u00e9 son las cookies? Las cookies son ficheros que se almacenan en nuestro dispositivo (ordenador, smartphone, televisi\u00f3n, tablet\u2026) cuando visitamos determinadas p\u00e1ginas web....","protected":false},"author":1,"featured_media":0,"parent":0,"menu_order":0,"comment_status":"closed","ping_status":"closed","template":"","meta":{"_acf_changed":false,"footnotes":""},"class_list":["post-395","page","type-page","status-publish","hentry"],"acf":[],"_links":{"self":[{"href":"https:\/\/euskaljantziak.eus\/es\/wp-json\/wp\/v2\/pages\/395","targetHints":{"allow":["GET"]}}],"collection":[{"href":"https:\/\/euskaljantziak.eus\/es\/wp-json\/wp\/v2\/pages"}],"about":[{"href":"https:\/\/euskaljantziak.eus\/es\/wp-json\/wp\/v2\/types\/page"}],"author":[{"embeddable":true,"href":"https:\/\/euskaljantziak.eus\/es\/wp-json\/wp\/v2\/users\/1"}],"replies":[{"embeddable":true,"href":"https:\/\/euskaljantziak.eus\/es\/wp-json\/wp\/v2\/comments?post=395"}],"version-history":[{"count":1,"href":"https:\/\/euskaljantziak.eus\/es\/wp-json\/wp\/v2\/pages\/395\/revisions"}],"predecessor-version":[{"id":400,"href":"https:\/\/euskaljantziak.eus\/es\/wp-json\/wp\/v2\/pages\/395\/revisions\/400"}],"wp:attachment":[{"href":"https:\/\/euskaljantziak.eus\/es\/wp-json\/wp\/v2\/media?parent=395"}],"curies":[{"name":"wp","href":"https:\/\/api.w.org\/{rel}","templated":true}]}}